{"id":974,"date":"2024-10-26T22:23:58","date_gmt":"2024-10-26T20:23:58","guid":{"rendered":"https:\/\/vendes.hr\/pravne-informacije\/"},"modified":"2025-03-29T14:19:20","modified_gmt":"2025-03-29T13:19:20","slug":"legal-information","status":"publish","type":"page","link":"https:\/\/vendes.hr\/en\/legal-information\/","title":{"rendered":"Legal information"},"content":{"rendered":"\t\t<div data-elementor-type=\"wp-page\" data-elementor-id=\"974\" class=\"elementor elementor-974 elementor-411\" data-elementor-post-type=\"page\">\n\t\t\t\t<div class=\"elementor-element elementor-element-e6efef4 e-flex e-con-boxed e-con e-parent\" data-id=\"e6efef4\" data-element_type=\"container\">\n\t\t\t\t\t<div class=\"e-con-inner\">\n\t\t\t\t<div class=\"elementor-element elementor-element-fab8197 elementor-widget elementor-widget-text-editor\" data-id=\"fab8197\" data-element_type=\"widget\" data-widget_type=\"text-editor.default\">\n\t\t\t\t<div class=\"elementor-widget-container\">\n\t\t\t\t\t\t\t\t\t<p class=\"\" data-start=\"81\" data-end=\"147\"><strong data-start=\"81\" data-end=\"96\">Vendes Ltd.<\/strong><br data-start=\"96\" data-end=\"99\" \/>\u010cakove\u010dka ulica 77, 40305 Nedeli\u0161\u0107e<br data-start=\"135\" data-end=\"138\" \/>Croatia<\/p><p class=\"\" data-start=\"149\" data-end=\"257\">VENDES Limited Liability Company for Trade and Services is registered with the Commercial Court in Vara\u017edin.<\/p><p class=\"\" data-start=\"259\" data-end=\"364\"><strong data-start=\"259\" data-end=\"300\">OIB (Personal Identification Number):<\/strong> 47372368598<br data-start=\"312\" data-end=\"315\" \/><strong data-start=\"315\" data-end=\"353\">Company Registration Number (MBS):<\/strong> 04522672<\/p><p class=\"\" data-start=\"366\" data-end=\"411\"><strong data-start=\"366\" data-end=\"384\">Share Capital:<\/strong> EUR 2,654.46, fully paid<\/p><p class=\"\" data-start=\"413\" data-end=\"501\"><strong data-start=\"413\" data-end=\"442\">Founders\/Company Members:<\/strong> Denis \u0110uran<br data-start=\"454\" data-end=\"457\" \/><strong data-start=\"457\" data-end=\"487\">Authorized Representative:<\/strong> Denis \u0110uran<\/p><p class=\"\" data-start=\"503\" data-end=\"595\"><strong data-start=\"503\" data-end=\"512\">IBAN:<\/strong><br data-start=\"512\" data-end=\"515\" \/>HR3223400091110783513<br data-start=\"536\" data-end=\"539\" \/>PRIVREDNA BANKA ZAGREB D.D.<br data-start=\"566\" data-end=\"569\" \/><strong data-start=\"569\" data-end=\"584\">SWIFT CODE:<\/strong> PBZGHR2X<\/p><p class=\"\" data-start=\"597\" data-end=\"629\"><strong data-start=\"597\" data-end=\"615\">Working Hours:<\/strong> 08:00 \u2013 18:00<\/p>\t\t\t\t\t\t\t\t<\/div>\n\t\t\t\t<\/div>\n\t\t\t\t\t<\/div>\n\t\t\t\t<\/div>\n\t\t\t\t<\/div>\n\t\t","protected":false},"excerpt":{"rendered":"<p>Vendes Ltd.\u010cakove\u010dka ulica 77, 40305 Nedeli\u0161\u0107eCroatia VENDES Limited Liability Company for Trade and Services is registered with the Commercial Court in Vara\u017edin. OIB (Personal Identification Number): 47372368598Company Registration Number (MBS): 04522672 Share Capital: EUR 2,654.46, fully paid Founders\/Company Members: Denis \u0110uranAuthorized Representative: Denis \u0110uran IBAN:HR3223400091110783513PRIVREDNA BANKA ZAGREB D.D.SWIFT CODE: PBZGHR2X Working Hours: 08:00 \u2013 18:00<\/p>\n","protected":false},"author":1,"featured_media":0,"parent":0,"menu_order":0,"comment_status":"closed","ping_status":"closed","template":"","meta":{"_acf_changed":false,"footnotes":""},"class_list":["post-974","page","type-page","status-publish","hentry"],"acf":[],"_links":{"self":[{"href":"https:\/\/vendes.hr\/en\/wp-json\/wp\/v2\/pages\/974","targetHints":{"allow":["GET"]}}],"collection":[{"href":"https:\/\/vendes.hr\/en\/wp-json\/wp\/v2\/pages"}],"about":[{"href":"https:\/\/vendes.hr\/en\/wp-json\/wp\/v2\/types\/page"}],"author":[{"embeddable":true,"href":"https:\/\/vendes.hr\/en\/wp-json\/wp\/v2\/users\/1"}],"replies":[{"embeddable":true,"href":"https:\/\/vendes.hr\/en\/wp-json\/wp\/v2\/comments?post=974"}],"version-history":[{"count":0,"href":"https:\/\/vendes.hr\/en\/wp-json\/wp\/v2\/pages\/974\/revisions"}],"wp:attachment":[{"href":"https:\/\/vendes.hr\/en\/wp-json\/wp\/v2\/media?parent=974"}],"curies":[{"name":"wp","href":"https:\/\/api.w.org\/{rel}","templated":true}]}}