{"id":938,"date":"2024-10-27T00:35:14","date_gmt":"2024-10-26T22:35:14","guid":{"rendered":"https:\/\/vendes.hr\/elektroinstalacije\/"},"modified":"2025-03-28T10:16:21","modified_gmt":"2025-03-28T09:16:21","slug":"impianti-elettrici","status":"publish","type":"page","link":"https:\/\/vendes.hr\/it\/impianti-elettrici\/","title":{"rendered":"Impianti elettrici"},"content":{"rendered":"\t\t<div data-elementor-type=\"wp-page\" data-elementor-id=\"938\" class=\"elementor elementor-938 elementor-686\" data-elementor-post-type=\"page\">\n\t\t\t\t<div class=\"elementor-element elementor-element-34df174a slider-pozadina e-flex e-con-boxed e-con e-parent\" data-id=\"34df174a\" data-element_type=\"container\" data-settings=\"{&quot;background_background&quot;:&quot;classic&quot;}\">\n\t\t\t\t\t<div class=\"e-con-inner\">\n\t\t<div class=\"elementor-element elementor-element-3e6fe18b e-con-full e-flex e-con e-child\" data-id=\"3e6fe18b\" data-element_type=\"container\">\n\t\t<div class=\"elementor-element elementor-element-5969c3b6 e-con-full e-flex e-con e-child\" data-id=\"5969c3b6\" data-element_type=\"container\">\n\t\t\t\t<div class=\"elementor-element elementor-element-7ab9e44 animated-fast elementor-invisible elementor-widget elementor-widget-heading\" data-id=\"7ab9e44\" data-element_type=\"widget\" data-settings=\"{&quot;_animation&quot;:&quot;fadeInUp&quot;,&quot;_animation_delay&quot;:100}\" data-widget_type=\"heading.default\">\n\t\t\t\t<div class=\"elementor-widget-container\">\n\t\t\t\t\t<h2 class=\"elementor-heading-title elementor-size-default\">Vendes d.o.o.<\/h2>\t\t\t\t<\/div>\n\t\t\t\t<\/div>\n\t\t\t\t<\/div>\n\t\t\t\t<div class=\"elementor-element elementor-element-2aff7008 animated-fast elementor-invisible elementor-widget elementor-widget-text-editor\" data-id=\"2aff7008\" data-element_type=\"widget\" data-settings=\"{&quot;_animation&quot;:&quot;fadeInUp&quot;,&quot;_animation_delay&quot;:300}\" data-widget_type=\"text-editor.default\">\n\t\t\t\t<div class=\"elementor-widget-container\">\n\t\t\t\t\t\t\t\t\t<p>Il nostro personale \u00e8 in grado di realizzare quadri elettrici a bordo macchina per la gestione ed il controllo di macchine ed impianti di automazione industriale con esperienza pluriennale in diversi settori che richiedono l&#8217;automazione industriale.<\/p>\t\t\t\t\t\t\t\t<\/div>\n\t\t\t\t<\/div>\n\t\t\t\t<\/div>\n\t\t<div class=\"elementor-element elementor-element-27dbbddd e-con-full elementor-hidden-tablet elementor-hidden-mobile e-flex e-con e-child\" data-id=\"27dbbddd\" data-element_type=\"container\">\n\t\t\t\t<\/div>\n\t\t\t\t\t<\/div>\n\t\t\t\t<\/div>\n\t\t<div class=\"elementor-element elementor-element-23ca709f e-flex e-con-boxed e-con e-parent\" data-id=\"23ca709f\" data-element_type=\"container\">\n\t\t\t\t\t<div class=\"e-con-inner\">\n\t\t<div class=\"elementor-element elementor-element-3ea6b614 e-con-full e-flex e-con e-child\" data-id=\"3ea6b614\" data-element_type=\"container\">\n\t\t\t\t<div class=\"elementor-element elementor-element-9dcbfe3 animated-fast elementor-invisible elementor-widget elementor-widget-text-editor\" data-id=\"9dcbfe3\" data-element_type=\"widget\" data-settings=\"{&quot;_animation&quot;:&quot;fadeIn&quot;,&quot;_animation_delay&quot;:200}\" data-widget_type=\"text-editor.default\">\n\t\t\t\t<div class=\"elementor-widget-container\">\n\t\t\t\t\t\t\t\t\t<p><b>Siamo specializzati nella progettazione, installazione e configurazione di impianti elettrici adatti alle esigenze specifiche dei vostri macchinari , siano essi nel settore produttivo, energetico, logistico o in altri settori che richiedono l&#8217; automazione industriale.\u00a0<\/b><\/p><p>Puntiamo sulla precisione, sicurezza e affidabilit\u00e0 in ogni progetto. Le nostre soluzioni tecniche garantiscono il funzionamento stabile ed efficiente dei vostri sistemi, riducendo cos\u00ec i tempi di inattivit\u00e0 e aumentando la produttivit\u00e0. Forniamo inoltre supporto per test e messa in servizio per garantire il funzionamento impeccabile di tutti i componenti elettrici. Il nostro servizio di installazione elettrica comprende anche manutenzione tecnica, controlli periodici e risoluzione rapida dei problemi, che aiutano a preservare la funzionalit\u00e0 e la sicurezza dei vostri impianti elettrici a lungo termine.<\/p>\t\t\t\t\t\t\t\t<\/div>\n\t\t\t\t<\/div>\n\t\t\t\t<div class=\"elementor-element elementor-element-4a1e59b1 animated-fast button001 elementor-invisible elementor-widget elementor-widget-button\" data-id=\"4a1e59b1\" data-element_type=\"widget\" data-settings=\"{&quot;_animation&quot;:&quot;fadeInDown&quot;,&quot;_animation_delay&quot;:300}\" data-widget_type=\"button.default\">\n\t\t\t\t<div class=\"elementor-widget-container\">\n\t\t\t\t\t\t\t\t\t<div class=\"elementor-button-wrapper\">\n\t\t\t\t\t<a class=\"elementor-button elementor-button-link elementor-size-sm\" href=\"\/it\/contatto\/\">\n\t\t\t\t\t\t<span class=\"elementor-button-content-wrapper\">\n\t\t\t\t\t\t<span class=\"elementor-button-icon\">\n\t\t\t\t<svg xmlns=\"http:\/\/www.w3.org\/2000\/svg\" xmlns:xlink=\"http:\/\/www.w3.org\/1999\/xlink\" id=\"Capa_1\" x=\"0px\" y=\"0px\" viewBox=\"0 0 512 512\" style=\"enable-background:new 0 0 512 512;\" xml:space=\"preserve\"><g>\t<g>\t\t<path d=\"M506.134,241.843c-0.006-0.006-0.011-0.013-0.018-0.019l-104.504-104c-7.829-7.791-20.492-7.762-28.285,0.068   c-7.792,7.829-7.762,20.492,0.067,28.284L443.558,236H20c-11.046,0-20,8.954-20,20c0,11.046,8.954,20,20,20h423.557   l-70.162,69.824c-7.829,7.792-7.859,20.455-0.067,28.284c7.793,7.831,20.457,7.858,28.285,0.068l104.504-104   c0.006-0.006,0.011-0.013,0.018-0.019C513.968,262.339,513.943,249.635,506.134,241.843z\"><\/path>\t<\/g><\/g><g><\/g><g><\/g><g><\/g><g><\/g><g><\/g><g><\/g><g><\/g><g><\/g><g><\/g><g><\/g><g><\/g><g><\/g><g><\/g><g><\/g><g><\/g><\/svg>\t\t\t<\/span>\n\t\t\t\t\t\t\t\t\t<span class=\"elementor-button-text\">Contattateci per collaborare!<\/span>\n\t\t\t\t\t<\/span>\n\t\t\t\t\t<\/a>\n\t\t\t\t<\/div>\n\t\t\t\t\t\t\t\t<\/div>\n\t\t\t\t<\/div>\n\t\t\t\t<\/div>\n\t\t<div class=\"elementor-element elementor-element-138d961c e-con-full e-flex e-con e-child\" data-id=\"138d961c\" data-element_type=\"container\">\n\t\t<div class=\"elementor-element elementor-element-4946bcec e-con-full animated-fast e-flex elementor-invisible e-con e-child\" data-id=\"4946bcec\" data-element_type=\"container\" data-settings=\"{&quot;animation&quot;:&quot;fadeIn&quot;,&quot;animation_delay&quot;:500}\">\n\t\t\t\t<div class=\"elementor-element elementor-element-4bd071a6 elementor-widget-divider--view-line elementor-widget elementor-widget-divider\" data-id=\"4bd071a6\" data-element_type=\"widget\" data-widget_type=\"divider.default\">\n\t\t\t\t<div class=\"elementor-widget-container\">\n\t\t\t\t\t\t\t<div class=\"elementor-divider\">\n\t\t\t<span class=\"elementor-divider-separator\">\n\t\t\t\t\t\t<\/span>\n\t\t<\/div>\n\t\t\t\t\t\t<\/div>\n\t\t\t\t<\/div>\n\t\t\t\t<div class=\"elementor-element elementor-element-572f1174 elementor-nav-menu--dropdown-none elementor-widget elementor-widget-nav-menu\" data-id=\"572f1174\" data-element_type=\"widget\" data-settings=\"{&quot;layout&quot;:&quot;vertical&quot;,&quot;submenu_icon&quot;:{&quot;value&quot;:&quot;&lt;svg class=\\&quot;e-font-icon-svg e-fas-caret-down\\&quot; viewBox=\\&quot;0 0 320 512\\&quot; xmlns=\\&quot;http:\\\/\\\/www.w3.org\\\/2000\\\/svg\\&quot;&gt;&lt;path d=\\&quot;M31.3 192h257.3c17.8 0 26.7 21.5 14.1 34.1L174.1 354.8c-7.8 7.8-20.5 7.8-28.3 0L17.2 226.1C4.6 213.5 13.5 192 31.3 192z\\&quot;&gt;&lt;\\\/path&gt;&lt;\\\/svg&gt;&quot;,&quot;library&quot;:&quot;fa-solid&quot;}}\" data-widget_type=\"nav-menu.default\">\n\t\t\t\t<div class=\"elementor-widget-container\">\n\t\t\t\t\t\t\t\t<nav aria-label=\"Menu\" class=\"elementor-nav-menu--main elementor-nav-menu__container elementor-nav-menu--layout-vertical e--pointer-underline e--animation-slide\">\n\t\t\t\t<ul id=\"menu-1-572f1174\" class=\"elementor-nav-menu sm-vertical\"><li class=\"menu-item menu-item-type-post_type menu-item-object-page menu-item-1051\"><a href=\"https:\/\/vendes.hr\/it\/outsourcing\/\" class=\"elementor-item\">Outsourcing<\/a><\/li>\n<li class=\"menu-item menu-item-type-post_type menu-item-object-page menu-item-1052\"><a href=\"https:\/\/vendes.hr\/it\/montaggio-e-assemblaggio-meccanico\/\" class=\"elementor-item\">Montaggio e assemblaggio meccanico<\/a><\/li>\n<li class=\"menu-item menu-item-type-post_type menu-item-object-page menu-item-1053\"><a href=\"https:\/\/vendes.hr\/it\/impianti-elettrici\/\" class=\"elementor-item\">Impianti elettrici<\/a><\/li>\n<li class=\"menu-item menu-item-type-post_type menu-item-object-page menu-item-1056\"><a href=\"https:\/\/vendes.hr\/it\/lavorazioni-metalliche\/\" class=\"elementor-item\">Lavorazioni metalliche<\/a><\/li>\n<li class=\"menu-item menu-item-type-post_type menu-item-object-page menu-item-1057\"><a href=\"https:\/\/vendes.hr\/it\/montaggio-navale\/\" class=\"elementor-item\">Montaggio navale<\/a><\/li>\n<\/ul>\t\t\t<\/nav>\n\t\t\t\t\t\t<nav class=\"elementor-nav-menu--dropdown elementor-nav-menu__container\" aria-hidden=\"true\">\n\t\t\t\t<ul id=\"menu-2-572f1174\" class=\"elementor-nav-menu sm-vertical\"><li class=\"menu-item menu-item-type-post_type menu-item-object-page menu-item-1051\"><a href=\"https:\/\/vendes.hr\/it\/outsourcing\/\" class=\"elementor-item\" tabindex=\"-1\">Outsourcing<\/a><\/li>\n<li class=\"menu-item menu-item-type-post_type menu-item-object-page menu-item-1052\"><a href=\"https:\/\/vendes.hr\/it\/montaggio-e-assemblaggio-meccanico\/\" class=\"elementor-item\" tabindex=\"-1\">Montaggio e assemblaggio meccanico<\/a><\/li>\n<li class=\"menu-item menu-item-type-post_type menu-item-object-page menu-item-1053\"><a href=\"https:\/\/vendes.hr\/it\/impianti-elettrici\/\" class=\"elementor-item\" tabindex=\"-1\">Impianti elettrici<\/a><\/li>\n<li class=\"menu-item menu-item-type-post_type menu-item-object-page menu-item-1056\"><a href=\"https:\/\/vendes.hr\/it\/lavorazioni-metalliche\/\" class=\"elementor-item\" tabindex=\"-1\">Lavorazioni metalliche<\/a><\/li>\n<li class=\"menu-item menu-item-type-post_type menu-item-object-page menu-item-1057\"><a href=\"https:\/\/vendes.hr\/it\/montaggio-navale\/\" class=\"elementor-item\" tabindex=\"-1\">Montaggio navale<\/a><\/li>\n<\/ul>\t\t\t<\/nav>\n\t\t\t\t\t\t<\/div>\n\t\t\t\t<\/div>\n\t\t\t\t<\/div>\n\t\t\t\t<\/div>\n\t\t\t\t\t<\/div>\n\t\t\t\t<\/div>\n\t\t\t\t<\/div>\n\t\t","protected":false},"excerpt":{"rendered":"<p>Vendes d.o.o. Il nostro personale \u00e8 in grado di realizzare quadri elettrici a bordo macchina per la gestione ed il controllo di macchine ed impianti di automazione industriale con esperienza pluriennale in diversi settori che richiedono l&#8217;automazione industriale. Siamo specializzati nella progettazione, installazione e configurazione di impianti elettrici adatti alle esigenze specifiche dei vostri macchinari [&hellip;]<\/p>\n","protected":false},"author":1,"featured_media":0,"parent":0,"menu_order":0,"comment_status":"closed","ping_status":"closed","template":"","meta":{"_acf_changed":false,"footnotes":""},"class_list":["post-938","page","type-page","status-publish","hentry"],"acf":[],"_links":{"self":[{"href":"https:\/\/vendes.hr\/it\/wp-json\/wp\/v2\/pages\/938","targetHints":{"allow":["GET"]}}],"collection":[{"href":"https:\/\/vendes.hr\/it\/wp-json\/wp\/v2\/pages"}],"about":[{"href":"https:\/\/vendes.hr\/it\/wp-json\/wp\/v2\/types\/page"}],"author":[{"embeddable":true,"href":"https:\/\/vendes.hr\/it\/wp-json\/wp\/v2\/users\/1"}],"replies":[{"embeddable":true,"href":"https:\/\/vendes.hr\/it\/wp-json\/wp\/v2\/comments?post=938"}],"version-history":[{"count":0,"href":"https:\/\/vendes.hr\/it\/wp-json\/wp\/v2\/pages\/938\/revisions"}],"wp:attachment":[{"href":"https:\/\/vendes.hr\/it\/wp-json\/wp\/v2\/media?parent=938"}],"curies":[{"name":"wp","href":"https:\/\/api.w.org\/{rel}","templated":true}]}}