{"id":956,"date":"2024-10-22T19:37:52","date_gmt":"2024-10-22T17:37:52","guid":{"rendered":"https:\/\/vendes.hr\/o-nama\/"},"modified":"2025-03-28T00:51:33","modified_gmt":"2025-03-27T23:51:33","slug":"chi-siamo","status":"publish","type":"page","link":"https:\/\/vendes.hr\/it\/chi-siamo\/","title":{"rendered":"Chi siamo"},"content":{"rendered":"\t\t<div data-elementor-type=\"wp-page\" data-elementor-id=\"956\" class=\"elementor elementor-956 elementor-17\" data-elementor-post-type=\"page\">\n\t\t\t\t<div class=\"elementor-element elementor-element-3f72e9c slider-pozadina e-flex e-con-boxed e-con e-parent\" data-id=\"3f72e9c\" data-element_type=\"container\" data-settings=\"{&quot;background_background&quot;:&quot;classic&quot;}\">\n\t\t\t\t\t<div class=\"e-con-inner\">\n\t\t<div class=\"elementor-element elementor-element-09dc897 e-con-full e-flex e-con e-child\" data-id=\"09dc897\" data-element_type=\"container\">\n\t\t<div class=\"elementor-element elementor-element-a9f8153 e-con-full e-flex e-con e-child\" data-id=\"a9f8153\" data-element_type=\"container\">\n\t\t\t\t<div class=\"elementor-element elementor-element-a9afe61 animated-fast elementor-invisible elementor-widget elementor-widget-heading\" data-id=\"a9afe61\" data-element_type=\"widget\" data-settings=\"{&quot;_animation&quot;:&quot;fadeInUp&quot;,&quot;_animation_delay&quot;:100}\" data-widget_type=\"heading.default\">\n\t\t\t\t<div class=\"elementor-widget-container\">\n\t\t\t\t\t<h2 class=\"elementor-heading-title elementor-size-default\">Vendes d.o.o.<\/h2>\t\t\t\t<\/div>\n\t\t\t\t<\/div>\n\t\t\t\t<\/div>\n\t\t\t\t<div class=\"elementor-element elementor-element-3f89ed7 animated-fast elementor-invisible elementor-widget elementor-widget-text-editor\" data-id=\"3f89ed7\" data-element_type=\"widget\" data-settings=\"{&quot;_animation&quot;:&quot;fadeInUp&quot;,&quot;_animation_delay&quot;:300}\" data-widget_type=\"text-editor.default\">\n\t\t\t\t<div class=\"elementor-widget-container\">\n\t\t\t\t\t\t\t\t\t<p>Vendes d.o.o. \u00e8 stata fondata nel 2016. e negli anni abbiamo costruito rapporti di valore che ci hanno permesso di crescere e migliorare, lavorare sul campo e creare una rete di professionisti.<\/p>\t\t\t\t\t\t\t\t<\/div>\n\t\t\t\t<\/div>\n\t\t<div class=\"elementor-element elementor-element-76ae449 e-grid e-con-full e-con e-child\" data-id=\"76ae449\" data-element_type=\"container\">\n\t\t\t\t<div class=\"elementor-element elementor-element-88fb46b animated-fast elementor-invisible elementor-widget elementor-widget-counter\" data-id=\"88fb46b\" data-element_type=\"widget\" data-settings=\"{&quot;_animation&quot;:&quot;fadeIn&quot;,&quot;_animation_delay&quot;:400}\" data-widget_type=\"counter.default\">\n\t\t\t\t<div class=\"elementor-widget-container\">\n\t\t\t\t\t\t\t<div class=\"elementor-counter\">\n\t\t\t<div class=\"elementor-counter-title\">Anni di attivit\u00e0<\/div>\t\t\t<div class=\"elementor-counter-number-wrapper\">\n\t\t\t\t<span class=\"elementor-counter-number-prefix\"><\/span>\n\t\t\t\t<span class=\"elementor-counter-number\" data-duration=\"2000\" data-to-value=\"8\" data-from-value=\"4\" data-delimiter=\",\">4<\/span>\n\t\t\t\t<span class=\"elementor-counter-number-suffix\">+<\/span>\n\t\t\t<\/div>\n\t\t<\/div>\n\t\t\t\t\t\t<\/div>\n\t\t\t\t<\/div>\n\t\t\t\t<\/div>\n\t\t\t\t<\/div>\n\t\t<div class=\"elementor-element elementor-element-b6acc74 e-con-full elementor-hidden-tablet elementor-hidden-mobile e-flex e-con e-child\" data-id=\"b6acc74\" data-element_type=\"container\">\n\t\t\t\t<\/div>\n\t\t\t\t\t<\/div>\n\t\t\t\t<\/div>\n\t\t<div class=\"elementor-element elementor-element-8d9920b e-flex e-con-boxed e-con e-parent\" data-id=\"8d9920b\" data-element_type=\"container\">\n\t\t\t\t\t<div class=\"e-con-inner\">\n\t\t<div class=\"elementor-element elementor-element-25e1dcb e-con-full e-flex e-con e-child\" data-id=\"25e1dcb\" data-element_type=\"container\">\n\t\t\t\t<div class=\"elementor-element elementor-element-50ab8df elementor-widget elementor-widget-heading\" data-id=\"50ab8df\" data-element_type=\"widget\" data-widget_type=\"heading.default\">\n\t\t\t\t<div class=\"elementor-widget-container\">\n\t\t\t\t\t<h2 class=\"elementor-heading-title elementor-size-default\">La nostra ricca esperienza \u00e8 fatta di competenze specialistiche, professionalit\u00e0, organizzazione e flessibilit\u00e0.<\/h2>\t\t\t\t<\/div>\n\t\t\t\t<\/div>\n\t\t\t\t<div class=\"elementor-element elementor-element-4dd04a7 elementor-widget elementor-widget-text-editor\" data-id=\"4dd04a7\" data-element_type=\"widget\" data-widget_type=\"text-editor.default\">\n\t\t\t\t<div class=\"elementor-widget-container\">\n\t\t\t\t\t\t\t\t\tTutto ci\u00f2 ci ha permesso di essere presenti non solo sull&#8217;intero territorio nazionale, ma anche all&#8217;estero: Austria, Germania e Italia, permettendoci negli ultimi anni di trasferire il 90% della nostra attivit\u00e0 in Italia.\t\t\t\t\t\t\t\t<\/div>\n\t\t\t\t<\/div>\n\t\t\t\t<\/div>\n\t\t<div class=\"elementor-element elementor-element-efbb649 e-con-full e-flex e-con e-child\" data-id=\"efbb649\" data-element_type=\"container\">\n\t\t\t\t<div class=\"elementor-element elementor-element-e52d4d6 elementor-widget elementor-widget-image\" data-id=\"e52d4d6\" data-element_type=\"widget\" data-widget_type=\"image.default\">\n\t\t\t\t<div class=\"elementor-widget-container\">\n\t\t\t\t\t\t\t\t\t\t\t\t\t\t\t<img fetchpriority=\"high\" decoding=\"async\" width=\"1536\" height=\"1024\" src=\"https:\/\/vendes.hr\/wp-content\/uploads\/2024\/10\/professional-male-engineer-metal-worker-industrial-2023-11-27-05-26-46-utc-1-1536x1024.jpg\" class=\"attachment-1536x1536 size-1536x1536 wp-image-273\" alt=\"\" srcset=\"https:\/\/vendes.hr\/wp-content\/uploads\/2024\/10\/professional-male-engineer-metal-worker-industrial-2023-11-27-05-26-46-utc-1-1536x1024.jpg 1536w, https:\/\/vendes.hr\/wp-content\/uploads\/2024\/10\/professional-male-engineer-metal-worker-industrial-2023-11-27-05-26-46-utc-1-300x200.jpg 300w, https:\/\/vendes.hr\/wp-content\/uploads\/2024\/10\/professional-male-engineer-metal-worker-industrial-2023-11-27-05-26-46-utc-1-1024x683.jpg 1024w, https:\/\/vendes.hr\/wp-content\/uploads\/2024\/10\/professional-male-engineer-metal-worker-industrial-2023-11-27-05-26-46-utc-1-768x512.jpg 768w, https:\/\/vendes.hr\/wp-content\/uploads\/2024\/10\/professional-male-engineer-metal-worker-industrial-2023-11-27-05-26-46-utc-1-2048x1366.jpg 2048w\" sizes=\"(max-width: 1536px) 100vw, 1536px\" \/>\t\t\t\t\t\t\t\t\t\t\t\t\t\t\t<\/div>\n\t\t\t\t<\/div>\n\t\t\t\t<\/div>\n\t\t\t\t\t<\/div>\n\t\t\t\t<\/div>\n\t\t<div class=\"elementor-element elementor-element-1707854 e-flex e-con-boxed e-con e-parent\" data-id=\"1707854\" data-element_type=\"container\">\n\t\t\t\t\t<div class=\"e-con-inner\">\n\t\t<div class=\"elementor-element elementor-element-5a6e75a e-con-full e-flex e-con e-child\" data-id=\"5a6e75a\" data-element_type=\"container\">\n\t\t\t\t<div class=\"elementor-element elementor-element-084d427 elementor-widget elementor-widget-image\" data-id=\"084d427\" data-element_type=\"widget\" data-widget_type=\"image.default\">\n\t\t\t\t<div class=\"elementor-widget-container\">\n\t\t\t\t\t\t\t\t\t\t\t\t\t\t\t<img decoding=\"async\" width=\"1536\" height=\"1024\" data-src=\"https:\/\/vendes.hr\/wp-content\/uploads\/2024\/10\/mechanic-engineer-man-and-woman-using-remote-contr-2024-08-30-19-02-57-utc-1536x1024.webp\" class=\"attachment-1536x1536 size-1536x1536 wp-image-841 lazyload\" alt=\"\" data-srcset=\"https:\/\/vendes.hr\/wp-content\/uploads\/2024\/10\/mechanic-engineer-man-and-woman-using-remote-contr-2024-08-30-19-02-57-utc-1536x1024.webp 1536w, https:\/\/vendes.hr\/wp-content\/uploads\/2024\/10\/mechanic-engineer-man-and-woman-using-remote-contr-2024-08-30-19-02-57-utc-300x200.webp 300w, https:\/\/vendes.hr\/wp-content\/uploads\/2024\/10\/mechanic-engineer-man-and-woman-using-remote-contr-2024-08-30-19-02-57-utc-1024x683.webp 1024w, https:\/\/vendes.hr\/wp-content\/uploads\/2024\/10\/mechanic-engineer-man-and-woman-using-remote-contr-2024-08-30-19-02-57-utc-768x512.webp 768w, https:\/\/vendes.hr\/wp-content\/uploads\/2024\/10\/mechanic-engineer-man-and-woman-using-remote-contr-2024-08-30-19-02-57-utc-2048x1366.webp 2048w\" data-sizes=\"(max-width: 1536px) 100vw, 1536px\" src=\"data:image\/gif;base64,R0lGODlhAQABAAAAACH5BAEKAAEALAAAAAABAAEAAAICTAEAOw==\" style=\"--smush-placeholder-width: 1536px; --smush-placeholder-aspect-ratio: 1536\/1024;\" \/>\t\t\t\t\t\t\t\t\t\t\t\t\t\t\t<\/div>\n\t\t\t\t<\/div>\n\t\t\t\t<\/div>\n\t\t<div class=\"elementor-element elementor-element-faef557 e-con-full e-flex e-con e-child\" data-id=\"faef557\" data-element_type=\"container\">\n\t\t\t\t<div class=\"elementor-element elementor-element-e146901 elementor-widget elementor-widget-heading\" data-id=\"e146901\" data-element_type=\"widget\" data-widget_type=\"heading.default\">\n\t\t\t\t<div class=\"elementor-widget-container\">\n\t\t\t\t\t<h2 class=\"elementor-heading-title elementor-size-default\">Abbiamo sempre un obiettivo chiaro: il cliente. La nostra pi\u00f9 grande soddisfazione \u00e8 proprio la sincera gratitudine dei nostri collaboratori.<\/h2>\t\t\t\t<\/div>\n\t\t\t\t<\/div>\n\t\t\t\t<div class=\"elementor-element elementor-element-6a681ce elementor-widget elementor-widget-text-editor\" data-id=\"6a681ce\" data-element_type=\"widget\" data-widget_type=\"text-editor.default\">\n\t\t\t\t<div class=\"elementor-widget-container\">\n\t\t\t\t\t\t\t\t\t<p>Abbiamo conquistato la fiducia di grandi aziende italiane dal settore nautico a quello metalmeccanico, proprio grazie alla professionalit\u00e0 dei nostri stimati dipendenti.<\/p>\t\t\t\t\t\t\t\t<\/div>\n\t\t\t\t<\/div>\n\t\t\t\t<\/div>\n\t\t\t\t\t<\/div>\n\t\t\t\t<\/div>\n\t\t\t\t<\/div>\n\t\t","protected":false},"excerpt":{"rendered":"<p>Vendes d.o.o. Vendes d.o.o. \u00e8 stata fondata nel 2016. e negli anni abbiamo costruito rapporti di valore che ci hanno permesso di crescere e migliorare, lavorare sul campo e creare una rete di professionisti. Anni di attivit\u00e0 4 + La nostra ricca esperienza \u00e8 fatta di competenze specialistiche, professionalit\u00e0, organizzazione e flessibilit\u00e0. Tutto ci\u00f2 ci [&hellip;]<\/p>\n","protected":false},"author":1,"featured_media":0,"parent":0,"menu_order":0,"comment_status":"closed","ping_status":"closed","template":"","meta":{"_acf_changed":false,"footnotes":""},"class_list":["post-956","page","type-page","status-publish","hentry"],"acf":[],"_links":{"self":[{"href":"https:\/\/vendes.hr\/it\/wp-json\/wp\/v2\/pages\/956","targetHints":{"allow":["GET"]}}],"collection":[{"href":"https:\/\/vendes.hr\/it\/wp-json\/wp\/v2\/pages"}],"about":[{"href":"https:\/\/vendes.hr\/it\/wp-json\/wp\/v2\/types\/page"}],"author":[{"embeddable":true,"href":"https:\/\/vendes.hr\/it\/wp-json\/wp\/v2\/users\/1"}],"replies":[{"embeddable":true,"href":"https:\/\/vendes.hr\/it\/wp-json\/wp\/v2\/comments?post=956"}],"version-history":[{"count":0,"href":"https:\/\/vendes.hr\/it\/wp-json\/wp\/v2\/pages\/956\/revisions"}],"wp:attachment":[{"href":"https:\/\/vendes.hr\/it\/wp-json\/wp\/v2\/media?parent=956"}],"curies":[{"name":"wp","href":"https:\/\/api.w.org\/{rel}","templated":true}]}}