{"id":975,"date":"2024-10-26T22:23:58","date_gmt":"2024-10-26T20:23:58","guid":{"rendered":"https:\/\/vendes.hr\/pravne-informacije\/"},"modified":"2025-03-29T14:18:47","modified_gmt":"2025-03-29T13:18:47","slug":"informazioni-legali","status":"publish","type":"page","link":"https:\/\/vendes.hr\/it\/informazioni-legali\/","title":{"rendered":"Informazioni legali"},"content":{"rendered":"\t\t<div data-elementor-type=\"wp-page\" data-elementor-id=\"975\" class=\"elementor elementor-975 elementor-411\" data-elementor-post-type=\"page\">\n\t\t\t\t<div class=\"elementor-element elementor-element-4e1a17f e-flex e-con-boxed e-con e-parent\" data-id=\"4e1a17f\" data-element_type=\"container\">\n\t\t\t\t\t<div class=\"e-con-inner\">\n\t\t\t\t<div class=\"elementor-element elementor-element-b2ff348 elementor-widget elementor-widget-text-editor\" data-id=\"b2ff348\" data-element_type=\"widget\" data-widget_type=\"text-editor.default\">\n\t\t\t\t<div class=\"elementor-widget-container\">\n\t\t\t\t\t\t\t\t\t<p class=\"\" data-start=\"655\" data-end=\"720\"><strong data-start=\"655\" data-end=\"672\">Vendes S.r.l.<\/strong><br data-start=\"672\" data-end=\"675\" \/>\u010cakove\u010dka ul. 77, 40305 Nedeli\u0161\u0107e<br \/>Croazia<\/p><p class=\"\" data-start=\"722\" data-end=\"849\">VENDES Societ\u00e0 a responsabilit\u00e0 limitata per il commercio e i servizi \u00e8 registrata presso il Tribunale Commerciale di Vara\u017edin.<\/p><p class=\"\" data-start=\"851\" data-end=\"971\"><strong data-start=\"851\" data-end=\"897\">OIB (Codice di identificazione personale):<\/strong> 47372368598<br data-start=\"909\" data-end=\"912\" \/><strong data-start=\"912\" data-end=\"960\">Numero di registrazione della societ\u00e0 (MBS):<\/strong> 04522672<\/p><p class=\"\" data-start=\"973\" data-end=\"1030\"><strong data-start=\"973\" data-end=\"994\">Capitale sociale:<\/strong> EUR 2.654,46, interamente versato<\/p><p class=\"\" data-start=\"1032\" data-end=\"1112\"><strong data-start=\"1032\" data-end=\"1052\">Fondatore\/Socio:<\/strong> Denis \u0110uran<br data-start=\"1064\" data-end=\"1067\" \/><strong data-start=\"1067\" data-end=\"1098\">Rappresentante autorizzato:<\/strong> Denis \u0110uran<\/p><p class=\"\" data-start=\"1114\" data-end=\"1206\"><strong data-start=\"1114\" data-end=\"1123\">IBAN:<\/strong><br data-start=\"1123\" data-end=\"1126\" \/>HR3223400091110783513<br data-start=\"1147\" data-end=\"1150\" \/>PRIVREDNA BANKA ZAGREB D.D.<br data-start=\"1177\" data-end=\"1180\" \/><strong data-start=\"1180\" data-end=\"1195\">SWIFT CODE:<\/strong> PBZGHR2X<\/p><p class=\"\" data-start=\"1208\" data-end=\"1243\"><strong data-start=\"1208\" data-end=\"1229\">Orario di lavoro:<\/strong> 08:00 \u2013 18:00<\/p>\t\t\t\t\t\t\t\t<\/div>\n\t\t\t\t<\/div>\n\t\t\t\t\t<\/div>\n\t\t\t\t<\/div>\n\t\t\t\t<\/div>\n\t\t","protected":false},"excerpt":{"rendered":"<p>Vendes S.r.l.\u010cakove\u010dka ul. 77, 40305 Nedeli\u0161\u0107eCroazia VENDES Societ\u00e0 a responsabilit\u00e0 limitata per il commercio e i servizi \u00e8 registrata presso il Tribunale Commerciale di Vara\u017edin. OIB (Codice di identificazione personale): 47372368598Numero di registrazione della societ\u00e0 (MBS): 04522672 Capitale sociale: EUR 2.654,46, interamente versato Fondatore\/Socio: Denis \u0110uranRappresentante autorizzato: Denis \u0110uran IBAN:HR3223400091110783513PRIVREDNA BANKA ZAGREB D.D.SWIFT CODE: PBZGHR2X [&hellip;]<\/p>\n","protected":false},"author":1,"featured_media":0,"parent":0,"menu_order":0,"comment_status":"closed","ping_status":"closed","template":"","meta":{"_acf_changed":false,"footnotes":""},"class_list":["post-975","page","type-page","status-publish","hentry"],"acf":[],"_links":{"self":[{"href":"https:\/\/vendes.hr\/it\/wp-json\/wp\/v2\/pages\/975","targetHints":{"allow":["GET"]}}],"collection":[{"href":"https:\/\/vendes.hr\/it\/wp-json\/wp\/v2\/pages"}],"about":[{"href":"https:\/\/vendes.hr\/it\/wp-json\/wp\/v2\/types\/page"}],"author":[{"embeddable":true,"href":"https:\/\/vendes.hr\/it\/wp-json\/wp\/v2\/users\/1"}],"replies":[{"embeddable":true,"href":"https:\/\/vendes.hr\/it\/wp-json\/wp\/v2\/comments?post=975"}],"version-history":[{"count":0,"href":"https:\/\/vendes.hr\/it\/wp-json\/wp\/v2\/pages\/975\/revisions"}],"wp:attachment":[{"href":"https:\/\/vendes.hr\/it\/wp-json\/wp\/v2\/media?parent=975"}],"curies":[{"name":"wp","href":"https:\/\/api.w.org\/{rel}","templated":true}]}}